{"id":3,"date":"2022-05-24T19:58:55","date_gmt":"2022-05-24T19:58:55","guid":{"rendered":"https:\/\/angry-kilby.212-227-226-23.plesk.page\/?page_id=3"},"modified":"2022-06-27T17:54:47","modified_gmt":"2022-06-27T17:54:47","slug":"privacy-policy","status":"publish","type":"page","link":"https:\/\/rieragroup.com\/ca\/privacy-policy\/","title":{"rendered":"Pol\u00edtica de privacitat"},"content":{"rendered":"\n<p>Les informamos que, de acuerdo con el Reglamento (UE) 2016\/679 General de Protecci\u00f3n de Datos, ponemos a su disposici\u00f3n la siguiente informaci\u00f3n: El Responsable del tratamiento de sus datos es Riera Internacional, S.A, con CIF: A58577941 y domicilio en Castellbisbal, P.I. Santa Rita, C\/ Electricitat, 7, CP 08755, Barcelona. Le informamos que trataremos la informaci\u00f3n que usted nos facilite con el fin de contestar su solicitud de informaci\u00f3n y de remitirle comunicaci\u00f3n comercial que pueda ser de su inter\u00e9s. Si usted no desea recibir informaci\u00f3n comercial, rogamos nos lo informe enviando un e-mail a riera@rieragroup.com. Los datos personales proporcionados podr\u00e1n conservarse mientras usted no solicite su supresi\u00f3n.<\/p>\n\n\n\n<p>Sus datos podr\u00e1n ser comunicados a otras empresas del grupo empresarial al que pertenece Riera Internacional, S.A para fines administrativos, contables o fiscales. Le informamos que usted tiene derecho a acceder a sus datos personales, as\u00ed como a solicitar la rectificaci\u00f3n de los datos inexactos o, en su caso, solicitar su supresi\u00f3n a cualquier momento. En determinadas circunstancias, usted podr\u00e1 oponerse o solicitar la limitaci\u00f3n del tratamiento de sus datos, en cuyo caso \u00fanicamente los conservaremos por motivos leg\u00edtimos imperiosos, o el ejercicio o la defensa de posibles reclamaciones.<\/p>\n","protected":false},"excerpt":{"rendered":"<p>Les informamos que, de acuerdo con el Reglamento (UE) 2016\/679 General de Protecci\u00f3n de Datos, ponemos a su disposici\u00f3n la siguiente informaci\u00f3n: El Responsable del tratamiento de sus datos es Riera Internacional, S.A, con CIF: A58577941 y domicilio en Castellbisbal, P.I. Santa Rita, C\/ Electricitat, 7, CP 08755, Barcelona. Le informamos que trataremos la informaci\u00f3n [&hellip;]<\/p>\n","protected":false},"author":1,"featured_media":0,"parent":0,"menu_order":0,"comment_status":"closed","ping_status":"closed","template":"","meta":{"site-sidebar-layout":"default","site-content-layout":"","ast-site-content-layout":"default","site-content-style":"default","site-sidebar-style":"default","ast-global-header-display":"","ast-banner-title-visibility":"","ast-main-header-display":"","ast-hfb-above-header-display":"","ast-hfb-below-header-display":"","ast-hfb-mobile-header-display":"","site-post-title":"","ast-breadcrumbs-content":"","ast-featured-img":"","footer-sml-layout":"","ast-disable-related-posts":"","theme-transparent-header-meta":"","adv-header-id-meta":"","stick-header-meta":"","header-above-stick-meta":"","header-main-stick-meta":"","header-below-stick-meta":"","astra-migrate-meta-layouts":"default","ast-page-background-enabled":"default","ast-page-background-meta":{"desktop":{"background-color":"","background-image":"","background-repeat":"repeat","background-position":"center center","background-size":"auto","background-attachment":"scroll","background-type":"","background-media":"","overlay-type":"","overlay-color":"","overlay-opacity":"","overlay-gradient":""},"tablet":{"background-color":"","background-image":"","background-repeat":"repeat","background-position":"center center","background-size":"auto","background-attachment":"scroll","background-type":"","background-media":"","overlay-type":"","overlay-color":"","overlay-opacity":"","overlay-gradient":""},"mobile":{"background-color":"","background-image":"","background-repeat":"repeat","background-position":"center center","background-size":"auto","background-attachment":"scroll","background-type":"","background-media":"","overlay-type":"","overlay-color":"","overlay-opacity":"","overlay-gradient":""}},"ast-content-background-meta":{"desktop":{"background-color":"var(--ast-global-color-5)","background-image":"","background-repeat":"repeat","background-position":"center center","background-size":"auto","background-attachment":"scroll","background-type":"","background-media":"","overlay-type":"","overlay-color":"","overlay-opacity":"","overlay-gradient":""},"tablet":{"background-color":"var(--ast-global-color-5)","background-image":"","background-repeat":"repeat","background-position":"center center","background-size":"auto","background-attachment":"scroll","background-type":"","background-media":"","overlay-type":"","overlay-color":"","overlay-opacity":"","overlay-gradient":""},"mobile":{"background-color":"var(--ast-global-color-5)","background-image":"","background-repeat":"repeat","background-position":"center center","background-size":"auto","background-attachment":"scroll","background-type":"","background-media":"","overlay-type":"","overlay-color":"","overlay-opacity":"","overlay-gradient":""}},"footnotes":""},"class_list":["post-3","page","type-page","status-publish","hentry"],"_links":{"self":[{"href":"https:\/\/rieragroup.com\/ca\/wp-json\/wp\/v2\/pages\/3","targetHints":{"allow":["GET"]}}],"collection":[{"href":"https:\/\/rieragroup.com\/ca\/wp-json\/wp\/v2\/pages"}],"about":[{"href":"https:\/\/rieragroup.com\/ca\/wp-json\/wp\/v2\/types\/page"}],"author":[{"embeddable":true,"href":"https:\/\/rieragroup.com\/ca\/wp-json\/wp\/v2\/users\/1"}],"replies":[{"embeddable":true,"href":"https:\/\/rieragroup.com\/ca\/wp-json\/wp\/v2\/comments?post=3"}],"version-history":[{"count":4,"href":"https:\/\/rieragroup.com\/ca\/wp-json\/wp\/v2\/pages\/3\/revisions"}],"predecessor-version":[{"id":1834,"href":"https:\/\/rieragroup.com\/ca\/wp-json\/wp\/v2\/pages\/3\/revisions\/1834"}],"wp:attachment":[{"href":"https:\/\/rieragroup.com\/ca\/wp-json\/wp\/v2\/media?parent=3"}],"curies":[{"name":"wp","href":"https:\/\/api.w.org\/{rel}","templated":true}]}}